{"id":1174,"date":"2020-11-05T13:55:17","date_gmt":"2020-11-05T13:55:17","guid":{"rendered":"http:\/\/www.metemsaglik.com\/?page_id=1174"},"modified":"2025-12-07T11:41:48","modified_gmt":"2025-12-07T11:41:48","slug":"hakkimizda","status":"publish","type":"page","link":"https:\/\/www.metemsaglik.com\/index.php\/hakkimizda\/","title":{"rendered":""},"content":{"rendered":"\t\t<div data-elementor-type=\"wp-page\" data-elementor-id=\"1174\" class=\"elementor elementor-1174\">\n\t\t\t\t\t\t<section class=\"elementor-section elementor-top-section elementor-element elementor-element-75855642 elementor-section-boxed elementor-section-height-default elementor-section-height-default\" data-id=\"75855642\" data-element_type=\"section\">\n\t\t\t\t\t\t<div class=\"elementor-container elementor-column-gap-default\">\n\t\t\t\t\t<div class=\"elementor-column elementor-col-100 elementor-top-column elementor-element elementor-element-3708912a\" data-id=\"3708912a\" data-element_type=\"column\">\n\t\t\t<div class=\"elementor-widget-wrap elementor-element-populated\">\n\t\t\t\t\t\t<div class=\"elementor-element elementor-element-1b18daf3 elementor-widget elementor-widget-text-editor\" data-id=\"1b18daf3\" data-element_type=\"widget\" data-widget_type=\"text-editor.default\">\n\t\t\t\t<div class=\"elementor-widget-container\">\n\t\t\t\t\t\t\t\t\t<p><\/h6>\n<h6 style=\"font-size: 25px;\"><span class=\"has-inline-color has-vivid-red-color\"><strong><span style=\"vertical-align: inherit;\"><span style=\"vertical-align: inherit;\"><span style=\"vertical-align: inherit;\"><span style=\"vertical-align: inherit;\"><span style=\"vertical-align: inherit;\"><span style=\"vertical-align: inherit;\"><span style=\"vertical-align: inherit;\"><span style=\"vertical-align: inherit;\"><span style=\"vertical-align: inherit;\"><span style=\"vertical-align: inherit;\"><span style=\"vertical-align: inherit;\"><span style=\"vertical-align: inherit;\"><span style=\"vertical-align: inherit;\"><span style=\"vertical-align: inherit;\"><span style=\"vertical-align: inherit;\"><span style=\"vertical-align: inherit;\">HAKKIMIZDA<\/span><\/span><\/span><\/span><\/span><\/span><\/span><\/span><\/span><\/span><\/span><\/span><\/span><\/span><\/span><\/span><\/strong><\/span><\/h6>\n<h6><\/h6>\n<h6>\u00a0<\/h6>\n<h6 class=\"has-black-color has-text-color\" style=\"font-size: 19px;\"><span style=\"vertical-align: inherit;\"><span style=\"vertical-align: inherit;\"><span style=\"vertical-align: inherit;\"><span style=\"vertical-align: inherit;\"><span style=\"vertical-align: inherit;\"><span style=\"vertical-align: inherit;\"><span style=\"vertical-align: inherit;\"><span style=\"vertical-align: inherit;\"><span style=\"vertical-align: inherit;\"><span style=\"vertical-align: inherit;\"><span style=\"vertical-align: inherit;\"><span style=\"vertical-align: inherit;\"><span style=\"vertical-align: inherit;\"><span style=\"vertical-align: inherit;\">Firmam\u0131z 2018 y\u0131l\u0131ndan\u00a0 beri\u00a0<\/span><\/span><\/span><\/span><\/span><\/span><\/span><\/span><\/span><\/span><\/span><\/span><\/span><\/span><span style=\"vertical-align: inherit;\"><span style=\"vertical-align: inherit;\"><span style=\"vertical-align: inherit;\"><span style=\"vertical-align: inherit;\"><span style=\"vertical-align: inherit;\"><span style=\"vertical-align: inherit;\"><span style=\"vertical-align: inherit;\"><span style=\"vertical-align: inherit;\"><span style=\"vertical-align: inherit;\"><span style=\"vertical-align: inherit;\"><span style=\"vertical-align: inherit;\"><span style=\"vertical-align: inherit;\"><span style=\"vertical-align: inherit;\"><span style=\"vertical-align: inherit;\">faaliyet g\u00f6stermektedir. Kardiyoloji, Kalp Damar\u00a0 Cerrahi, Radyoloji ve \u00dcroloji alanlar\u0131nda uzman\u00a0 personellerimizle hizmet\u00a0 vermekteyiz. Tecr\u00fcbeli\u00a0 ekibimiz ve prensipli i\u015f\u00a0 \u00a0anlay\u0131\u015f\u0131m\u0131z sayesinde\u00a0 sizlerin sa\u011fl\u0131kl\u0131\u00a0 \u00a0kalman\u0131za yard\u0131mc\u0131\u00a0 \u00a0oluyoruz.\u00a0 \u00a0<\/span><\/span><\/span><\/span><\/span><\/span><\/span><\/span><\/span><\/span><\/span><\/span><\/span><\/span><\/h6>\n<h6 class=\"has-black-color has-text-color\" style=\"font-size: 19px;\"><span style=\"vertical-align: inherit;\"><span style=\"vertical-align: inherit;\"><span style=\"vertical-align: inherit;\"><span style=\"vertical-align: inherit;\"><span style=\"vertical-align: inherit;\"><span style=\"vertical-align: inherit;\"><span style=\"vertical-align: inherit;\"><span style=\"vertical-align: inherit;\">\u00a0<\/span><\/span><\/span><\/span><\/span><\/span><\/span><\/span><\/h6>\n<h6 class=\"has-black-color has-text-color\" style=\"font-size: 19px;\"><span style=\"vertical-align: inherit;\"><span style=\"vertical-align: inherit;\">\u00a0<\/span><\/span><\/h6>\n<h6><\/h6>\n<h6><\/h6>\n<h6 class=\"wp-block-image size-large\"><img decoding=\"async\" width=\"264\" height=\"118\" class=\"wp-image-1176\" src=\"http:\/\/www.metemsaglik.com\/wp-content\/uploads\/2020\/11\/MISYON.jpg\" alt=\"\" \/><\/h6>\n<h6><\/h6>\n<h6 class=\"has-black-color has-text-color\" style=\"font-size: 19px;\"><strong><span class=\"has-inline-color has-vivid-red-color\"><span style=\"vertical-align: inherit;\"><span style=\"vertical-align: inherit;\"><span style=\"vertical-align: inherit;\"><span style=\"vertical-align: inherit;\"><span style=\"vertical-align: inherit;\"><span style=\"vertical-align: inherit;\"><span style=\"vertical-align: inherit;\"><span style=\"vertical-align: inherit;\"><span style=\"vertical-align: inherit;\"><span style=\"vertical-align: inherit;\"><span style=\"vertical-align: inherit;\"><span style=\"vertical-align: inherit;\"><span style=\"vertical-align: inherit;\"><span style=\"vertical-align: inherit;\"><span style=\"vertical-align: inherit;\"><span style=\"vertical-align: inherit;\">M\u0130SYONUMUZ<\/span><\/span><\/span><\/span><\/span><\/span><\/span><\/span><\/span><\/span><\/span><\/span><\/span><\/span><\/span><\/span><\/span><\/strong><br \/><span style=\"vertical-align: inherit;\"><span style=\"vertical-align: inherit;\"><span style=\"vertical-align: inherit;\"><span style=\"vertical-align: inherit;\"><span style=\"vertical-align: inherit;\"><span style=\"vertical-align: inherit;\"><span style=\"vertical-align: inherit;\"><span style=\"vertical-align: inherit;\"><span style=\"vertical-align: inherit;\"><span style=\"vertical-align: inherit;\"><span style=\"vertical-align: inherit;\"><span style=\"vertical-align: inherit;\"><span style=\"vertical-align: inherit;\"><span style=\"vertical-align: inherit;\"><span style=\"vertical-align: inherit;\"><span style=\"vertical-align: inherit;\">Medikal ve teknolojik geli\u015fmeleri takip ederek, d\u00fcnyada kabul ve kalite onay\u0131 g\u00f6rm\u00fc\u015f \u00fcr\u00fcnleri bulup ve tedarik ederek, m\u00fc\u015fterilerimizin ihtiya\u00e7lar\u0131 do\u011frultusunda kaliteli \u00fcr\u00fcnleri do\u011fru yer ve zamanda h\u0131zl\u0131 ve g\u00fcvenilir \u015fekilde kullan\u0131ma sunmakt\u0131r. .<\/span><\/span><\/span><\/span><\/span><\/span><\/span><\/span><\/span><\/span><\/span><\/span><\/span><\/span><\/span><\/span><\/h6>\n<h6><\/h6>\n<h6><\/h6>\n<h6 class=\"wp-block-image size-large\"><img decoding=\"async\" width=\"163\" height=\"174\" class=\"wp-image-1175\" src=\"http:\/\/www.metemsaglik.com\/wp-content\/uploads\/2020\/11\/3-1.jpg\" alt=\"\" \/><\/h6>\n<h6><\/h6>\n<h6 class=\"has-black-color has-text-color\" style=\"font-size: 19px;\"><strong><span class=\"has-inline-color has-vivid-red-color\"><span style=\"vertical-align: inherit;\"><span style=\"vertical-align: inherit;\"><span style=\"vertical-align: inherit;\"><span style=\"vertical-align: inherit;\"><span style=\"vertical-align: inherit;\"><span style=\"vertical-align: inherit;\"><span style=\"vertical-align: inherit;\"><span style=\"vertical-align: inherit;\"><span style=\"vertical-align: inherit;\"><span style=\"vertical-align: inherit;\"><span style=\"vertical-align: inherit;\"><span style=\"vertical-align: inherit;\"><span style=\"vertical-align: inherit;\"><span style=\"vertical-align: inherit;\"><span style=\"vertical-align: inherit;\"><span style=\"vertical-align: inherit;\">V\u0130ZYONUMUZ<\/span><\/span><\/span><\/span><\/span><\/span><\/span><\/span><\/span><\/span><\/span><\/span><\/span><\/span><\/span><\/span><\/span><\/strong><br \/><span style=\"vertical-align: inherit;\"><span style=\"vertical-align: inherit;\"><span style=\"vertical-align: inherit;\"><span style=\"vertical-align: inherit;\"><span style=\"vertical-align: inherit;\"><span style=\"vertical-align: inherit;\"><span style=\"vertical-align: inherit;\"><span style=\"vertical-align: inherit;\"><span style=\"vertical-align: inherit;\"><span style=\"vertical-align: inherit;\"><span style=\"vertical-align: inherit;\"><span style=\"vertical-align: inherit;\"><span style=\"vertical-align: inherit;\"><span style=\"vertical-align: inherit;\"><span style=\"vertical-align: inherit;\"><span style=\"vertical-align: inherit;\">Amac\u0131m\u0131z faaliyet alan\u0131m\u0131zdaki en son geli\u015fmeleri her zaman s\u0131k\u0131 takip etmek, payda\u015flar\u0131m\u0131z ile bu geli\u015fmeleri \u00fcr\u00fcnlerimize yans\u0131tmak, p\u00f6rtf\u00f6y\u00fcm\u00fcze yeni \u00fcr\u00fcnleri ve etkin teknolojik tedavi y\u00f6ntemleri katarak uluslararas\u0131 standardlar da hizmet sunmakt\u0131r.<\/span><\/span><\/span><\/span><\/span><\/span><\/span><\/span><\/span><\/span><\/span><\/span><\/span><\/span><\/span><\/span><\/h6>\n<p><\/p>\t\t\t\t\t\t\t\t<\/div>\n\t\t\t\t<\/div>\n\t\t\t\t\t<\/div>\n\t\t<\/div>\n\t\t\t\t\t<\/div>\n\t\t<\/section>\n\t\t\t\t<\/div>\n\t\t","protected":false},"excerpt":{"rendered":"","protected":false},"author":1,"featured_media":0,"parent":0,"menu_order":0,"comment_status":"closed","ping_status":"closed","template":"","meta":{"footnotes":""},"class_list":["post-1174","page","type-page","status-publish","hentry"],"_links":{"self":[{"href":"https:\/\/www.metemsaglik.com\/index.php\/wp-json\/wp\/v2\/pages\/1174","targetHints":{"allow":["GET"]}}],"collection":[{"href":"https:\/\/www.metemsaglik.com\/index.php\/wp-json\/wp\/v2\/pages"}],"about":[{"href":"https:\/\/www.metemsaglik.com\/index.php\/wp-json\/wp\/v2\/types\/page"}],"author":[{"embeddable":true,"href":"https:\/\/www.metemsaglik.com\/index.php\/wp-json\/wp\/v2\/users\/1"}],"replies":[{"embeddable":true,"href":"https:\/\/www.metemsaglik.com\/index.php\/wp-json\/wp\/v2\/comments?post=1174"}],"version-history":[{"count":16,"href":"https:\/\/www.metemsaglik.com\/index.php\/wp-json\/wp\/v2\/pages\/1174\/revisions"}],"predecessor-version":[{"id":2334,"href":"https:\/\/www.metemsaglik.com\/index.php\/wp-json\/wp\/v2\/pages\/1174\/revisions\/2334"}],"wp:attachment":[{"href":"https:\/\/www.metemsaglik.com\/index.php\/wp-json\/wp\/v2\/media?parent=1174"}],"curies":[{"name":"wp","href":"https:\/\/api.w.org\/{rel}","templated":true}]}}