{"id":1265,"date":"2020-11-10T16:55:04","date_gmt":"2020-11-10T16:55:04","guid":{"rendered":"http:\/\/www.metemsaglik.com\/?page_id=1265"},"modified":"2025-12-07T11:45:52","modified_gmt":"2025-12-07T11:45:52","slug":"urunlerimz","status":"publish","type":"page","link":"https:\/\/www.metemsaglik.com\/index.php\/urunlerimz\/","title":{"rendered":""},"content":{"rendered":"\t\t<div data-elementor-type=\"wp-page\" data-elementor-id=\"1265\" class=\"elementor elementor-1265\">\n\t\t\t\t\t\t<section class=\"elementor-section elementor-top-section elementor-element elementor-element-8bc16e7 elementor-section-boxed elementor-section-height-default elementor-section-height-default\" data-id=\"8bc16e7\" data-element_type=\"section\">\n\t\t\t\t\t\t<div class=\"elementor-container elementor-column-gap-default\">\n\t\t\t\t\t<div class=\"elementor-column elementor-col-100 elementor-top-column elementor-element elementor-element-fbe8f72\" data-id=\"fbe8f72\" data-element_type=\"column\">\n\t\t\t<div class=\"elementor-widget-wrap elementor-element-populated\">\n\t\t\t\t\t\t<div class=\"elementor-element elementor-element-fc89631 elementor-widget elementor-widget-heading\" data-id=\"fc89631\" data-element_type=\"widget\" data-widget_type=\"heading.default\">\n\t\t\t\t<div class=\"elementor-widget-container\">\n\t\t\t\t\t<h2 class=\"elementor-heading-title elementor-size-default\">\u00dcR\u00dcNLER\u0130M\u0130Z<\/h2>\t\t\t\t<\/div>\n\t\t\t\t<\/div>\n\t\t\t\t\t<\/div>\n\t\t<\/div>\n\t\t\t\t\t<\/div>\n\t\t<\/section>\n\t\t\t\t<section class=\"elementor-section elementor-top-section elementor-element elementor-element-7c86ef7 elementor-section-boxed elementor-section-height-default elementor-section-height-default\" data-id=\"7c86ef7\" data-element_type=\"section\">\n\t\t\t\t\t\t<div class=\"elementor-container elementor-column-gap-default\">\n\t\t\t\t\t<div class=\"elementor-column elementor-col-100 elementor-top-column elementor-element elementor-element-8ae1a4f\" data-id=\"8ae1a4f\" data-element_type=\"column\">\n\t\t\t<div class=\"elementor-widget-wrap elementor-element-populated\">\n\t\t\t\t\t\t<div class=\"elementor-element elementor-element-bde7669 elementor-widget elementor-widget-image\" data-id=\"bde7669\" data-element_type=\"widget\" data-widget_type=\"image.default\">\n\t\t\t\t<div class=\"elementor-widget-container\">\n\t\t\t\t\t\t\t\t\t\t\t\t<figure class=\"wp-caption\">\n\t\t\t\t\t\t\t\t\t\t\t<a href=\"http:\/\/www.metemsaglik.com\/index.php\/angiographic\/\">\n\t\t\t\t\t\t\t<img fetchpriority=\"high\" decoding=\"async\" width=\"293\" height=\"300\" src=\"https:\/\/www.metemsaglik.com\/wp-content\/uploads\/2021\/05\/IMG-20210520-WA0007-293x300.jpg\" class=\"attachment-medium size-medium wp-image-1667\" alt=\"\" srcset=\"https:\/\/www.metemsaglik.com\/wp-content\/uploads\/2021\/05\/IMG-20210520-WA0007-293x300.jpg 293w, https:\/\/www.metemsaglik.com\/wp-content\/uploads\/2021\/05\/IMG-20210520-WA0007.jpg 720w\" sizes=\"(max-width: 293px) 100vw, 293px\" \/>\t\t\t\t\t\t\t\t<\/a>\n\t\t\t\t\t\t\t\t\t\t\t<figcaption class=\"widget-image-caption wp-caption-text\">ANG\u0130OGRAPH\u0130C CATHETER<\/figcaption>\n\t\t\t\t\t\t\t\t\t\t<\/figure>\n\t\t\t\t\t\t\t\t\t<\/div>\n\t\t\t\t<\/div>\n\t\t\t\t\t<\/div>\n\t\t<\/div>\n\t\t\t\t\t<\/div>\n\t\t<\/section>\n\t\t\t\t<section class=\"elementor-section elementor-top-section elementor-element elementor-element-253f2b6 elementor-section-boxed elementor-section-height-default elementor-section-height-default\" data-id=\"253f2b6\" data-element_type=\"section\">\n\t\t\t\t\t\t<div class=\"elementor-container elementor-column-gap-default\">\n\t\t\t\t\t<div class=\"elementor-column elementor-col-25 elementor-top-column elementor-element elementor-element-065b8ba\" data-id=\"065b8ba\" data-element_type=\"column\">\n\t\t\t<div class=\"elementor-widget-wrap elementor-element-populated\">\n\t\t\t\t\t\t<div class=\"elementor-element elementor-element-73d8994 elementor-widget elementor-widget-image\" data-id=\"73d8994\" data-element_type=\"widget\" data-widget_type=\"image.default\">\n\t\t\t\t<div class=\"elementor-widget-container\">\n\t\t\t\t\t\t\t\t\t\t\t\t<figure class=\"wp-caption\">\n\t\t\t\t\t\t\t\t\t\t\t<a href=\"http:\/\/www.metemsaglik.com\/index.php\/indeflator2\/\">\n\t\t\t\t\t\t\t<img decoding=\"async\" width=\"300\" height=\"257\" src=\"https:\/\/www.metemsaglik.com\/wp-content\/uploads\/2022\/01\/hyd-300x257.jpg\" class=\"elementor-animation-shrink attachment-medium size-medium wp-image-1742\" alt=\"\" srcset=\"https:\/\/www.metemsaglik.com\/wp-content\/uploads\/2022\/01\/hyd-300x257.jpg 300w, https:\/\/www.metemsaglik.com\/wp-content\/uploads\/2022\/01\/hyd.jpg 490w\" sizes=\"(max-width: 300px) 100vw, 300px\" \/>\t\t\t\t\t\t\t\t<\/a>\n\t\t\t\t\t\t\t\t\t\t\t<figcaption class=\"widget-image-caption wp-caption-text\">HYDROPH\u0130L\u0130C GU\u0130DEW\u0130RE<\/figcaption>\n\t\t\t\t\t\t\t\t\t\t<\/figure>\n\t\t\t\t\t\t\t\t\t<\/div>\n\t\t\t\t<\/div>\n\t\t\t\t\t<\/div>\n\t\t<\/div>\n\t\t\t\t<div class=\"elementor-column elementor-col-25 elementor-top-column elementor-element elementor-element-34ac6a2\" data-id=\"34ac6a2\" data-element_type=\"column\">\n\t\t\t<div class=\"elementor-widget-wrap elementor-element-populated\">\n\t\t\t\t\t\t<div class=\"elementor-element elementor-element-823639f elementor-widget elementor-widget-image\" data-id=\"823639f\" data-element_type=\"widget\" data-widget_type=\"image.default\">\n\t\t\t\t<div class=\"elementor-widget-container\">\n\t\t\t\t\t\t\t\t\t\t\t\t<figure class=\"wp-caption\">\n\t\t\t\t\t\t\t\t\t\t\t<a href=\"http:\/\/www.metemsaglik.com\/index.php\/hemo2\/\">\n\t\t\t\t\t\t\t<img decoding=\"async\" width=\"300\" height=\"257\" src=\"https:\/\/www.metemsaglik.com\/wp-content\/uploads\/2022\/01\/map-ang-300x257.jpg\" class=\"elementor-animation-shrink attachment-medium size-medium wp-image-1743\" alt=\"\" srcset=\"https:\/\/www.metemsaglik.com\/wp-content\/uploads\/2022\/01\/map-ang-300x257.jpg 300w, https:\/\/www.metemsaglik.com\/wp-content\/uploads\/2022\/01\/map-ang.jpg 490w\" sizes=\"(max-width: 300px) 100vw, 300px\" \/>\t\t\t\t\t\t\t\t<\/a>\n\t\t\t\t\t\t\t\t\t\t\t<figcaption class=\"widget-image-caption wp-caption-text\">ANG\u0130OGRAPH\u0130C CATHETER<\/figcaption>\n\t\t\t\t\t\t\t\t\t\t<\/figure>\n\t\t\t\t\t\t\t\t\t<\/div>\n\t\t\t\t<\/div>\n\t\t\t\t\t<\/div>\n\t\t<\/div>\n\t\t\t\t<div class=\"elementor-column elementor-col-25 elementor-top-column elementor-element elementor-element-dbafbbd\" data-id=\"dbafbbd\" data-element_type=\"column\">\n\t\t\t<div class=\"elementor-widget-wrap elementor-element-populated\">\n\t\t\t\t\t\t<div class=\"elementor-element elementor-element-c7d1906 elementor-widget elementor-widget-image\" data-id=\"c7d1906\" data-element_type=\"widget\" data-widget_type=\"image.default\">\n\t\t\t\t<div class=\"elementor-widget-container\">\n\t\t\t\t\t\t\t\t\t\t\t\t<figure class=\"wp-caption\">\n\t\t\t\t\t\t\t\t\t\t\t<a href=\"http:\/\/www.metemsaglik.com\/index.php\/femoral2\/\">\n\t\t\t\t\t\t\t<img loading=\"lazy\" decoding=\"async\" width=\"300\" height=\"257\" src=\"https:\/\/www.metemsaglik.com\/wp-content\/uploads\/2022\/01\/map-giide-300x257.jpg\" class=\"elementor-animation-shrink attachment-medium size-medium wp-image-1744\" alt=\"\" srcset=\"https:\/\/www.metemsaglik.com\/wp-content\/uploads\/2022\/01\/map-giide-300x257.jpg 300w, https:\/\/www.metemsaglik.com\/wp-content\/uploads\/2022\/01\/map-giide.jpg 490w\" sizes=\"(max-width: 300px) 100vw, 300px\" \/>\t\t\t\t\t\t\t\t<\/a>\n\t\t\t\t\t\t\t\t\t\t\t<figcaption class=\"widget-image-caption wp-caption-text\">M\u0130CRO GU\u0130DEW\u0130RE<\/figcaption>\n\t\t\t\t\t\t\t\t\t\t<\/figure>\n\t\t\t\t\t\t\t\t\t<\/div>\n\t\t\t\t<\/div>\n\t\t\t\t\t<\/div>\n\t\t<\/div>\n\t\t\t\t<div class=\"elementor-column elementor-col-25 elementor-top-column elementor-element elementor-element-0b39dbc\" data-id=\"0b39dbc\" data-element_type=\"column\">\n\t\t\t<div class=\"elementor-widget-wrap elementor-element-populated\">\n\t\t\t\t\t\t<div class=\"elementor-element elementor-element-1d3b20b elementor-widget elementor-widget-image\" data-id=\"1d3b20b\" data-element_type=\"widget\" data-widget_type=\"image.default\">\n\t\t\t\t<div class=\"elementor-widget-container\">\n\t\t\t\t\t\t\t\t\t\t\t\t<figure class=\"wp-caption\">\n\t\t\t\t\t\t\t\t\t\t\t<a href=\"http:\/\/www.metemsaglik.com\/index.php\/manifold2\/\">\n\t\t\t\t\t\t\t<img loading=\"lazy\" decoding=\"async\" width=\"300\" height=\"257\" src=\"https:\/\/www.metemsaglik.com\/wp-content\/uploads\/2022\/01\/map-guide-cha-300x257.jpg\" class=\"elementor-animation-shrink attachment-medium size-medium wp-image-1745\" alt=\"\" srcset=\"https:\/\/www.metemsaglik.com\/wp-content\/uploads\/2022\/01\/map-guide-cha-300x257.jpg 300w, https:\/\/www.metemsaglik.com\/wp-content\/uploads\/2022\/01\/map-guide-cha.jpg 490w\" sizes=\"(max-width: 300px) 100vw, 300px\" \/>\t\t\t\t\t\t\t\t<\/a>\n\t\t\t\t\t\t\t\t\t\t\t<figcaption class=\"widget-image-caption wp-caption-text\">GU\u0130D\u0130NG CATHETER<\/figcaption>\n\t\t\t\t\t\t\t\t\t\t<\/figure>\n\t\t\t\t\t\t\t\t\t<\/div>\n\t\t\t\t<\/div>\n\t\t\t\t\t<\/div>\n\t\t<\/div>\n\t\t\t\t\t<\/div>\n\t\t<\/section>\n\t\t\t\t<section class=\"elementor-section elementor-top-section elementor-element elementor-element-5ed3bd7 elementor-section-boxed elementor-section-height-default elementor-section-height-default\" data-id=\"5ed3bd7\" data-element_type=\"section\">\n\t\t\t\t\t\t<div class=\"elementor-container elementor-column-gap-default\">\n\t\t\t\t\t<div class=\"elementor-column elementor-col-25 elementor-top-column elementor-element elementor-element-7e7a976\" data-id=\"7e7a976\" data-element_type=\"column\">\n\t\t\t<div class=\"elementor-widget-wrap elementor-element-populated\">\n\t\t\t\t\t\t<div class=\"elementor-element elementor-element-eb598d8 elementor-widget elementor-widget-image\" data-id=\"eb598d8\" data-element_type=\"widget\" data-widget_type=\"image.default\">\n\t\t\t\t<div class=\"elementor-widget-container\">\n\t\t\t\t\t\t\t\t\t\t\t\t<figure class=\"wp-caption\">\n\t\t\t\t\t\t\t\t\t\t\t<a href=\"http:\/\/www.metemsaglik.com\/index.php\/ptfe2\/\">\n\t\t\t\t\t\t\t<img loading=\"lazy\" decoding=\"async\" width=\"300\" height=\"257\" src=\"https:\/\/www.metemsaglik.com\/wp-content\/uploads\/2022\/01\/Guide-Wire-1-1-1-300x257.jpg\" class=\"elementor-animation-shrink attachment-medium size-medium wp-image-1751\" alt=\"\" srcset=\"https:\/\/www.metemsaglik.com\/wp-content\/uploads\/2022\/01\/Guide-Wire-1-1-1-300x257.jpg 300w, https:\/\/www.metemsaglik.com\/wp-content\/uploads\/2022\/01\/Guide-Wire-1-1-1.jpg 490w\" sizes=\"(max-width: 300px) 100vw, 300px\" \/>\t\t\t\t\t\t\t\t<\/a>\n\t\t\t\t\t\t\t\t\t\t\t<figcaption class=\"widget-image-caption wp-caption-text\">GU\u0130DEW\u0130RE PTFE<\/figcaption>\n\t\t\t\t\t\t\t\t\t\t<\/figure>\n\t\t\t\t\t\t\t\t\t<\/div>\n\t\t\t\t<\/div>\n\t\t\t\t\t<\/div>\n\t\t<\/div>\n\t\t\t\t<div class=\"elementor-column elementor-col-25 elementor-top-column elementor-element elementor-element-ce602dd\" data-id=\"ce602dd\" data-element_type=\"column\">\n\t\t\t<div class=\"elementor-widget-wrap elementor-element-populated\">\n\t\t\t\t\t\t<div class=\"elementor-element elementor-element-95223b6 elementor-widget elementor-widget-image\" data-id=\"95223b6\" data-element_type=\"widget\" data-widget_type=\"image.default\">\n\t\t\t\t<div class=\"elementor-widget-container\">\n\t\t\t\t\t\t\t\t\t\t\t\t<figure class=\"wp-caption\">\n\t\t\t\t\t\t\t\t\t\t\t<a href=\"http:\/\/www.metemsaglik.com\/index.php\/guidewire2\/\">\n\t\t\t\t\t\t\t<img loading=\"lazy\" decoding=\"async\" width=\"300\" height=\"257\" src=\"https:\/\/www.metemsaglik.com\/wp-content\/uploads\/2022\/01\/unnamed-3-300x257.jpg\" class=\"elementor-animation-shrink attachment-medium size-medium wp-image-1753\" alt=\"\" srcset=\"https:\/\/www.metemsaglik.com\/wp-content\/uploads\/2022\/01\/unnamed-3-300x257.jpg 300w, https:\/\/www.metemsaglik.com\/wp-content\/uploads\/2022\/01\/unnamed-3.jpg 490w\" sizes=\"(max-width: 300px) 100vw, 300px\" \/>\t\t\t\t\t\t\t\t<\/a>\n\t\t\t\t\t\t\t\t\t\t\t<figcaption class=\"widget-image-caption wp-caption-text\">GU\u0130DEW\u0130RE H\u0130DROF\u0130L\u0130K<\/figcaption>\n\t\t\t\t\t\t\t\t\t\t<\/figure>\n\t\t\t\t\t\t\t\t\t<\/div>\n\t\t\t\t<\/div>\n\t\t\t\t\t<\/div>\n\t\t<\/div>\n\t\t\t\t<div class=\"elementor-column elementor-col-25 elementor-top-column elementor-element elementor-element-e1458ea\" data-id=\"e1458ea\" data-element_type=\"column\">\n\t\t\t<div class=\"elementor-widget-wrap elementor-element-populated\">\n\t\t\t\t\t\t<div class=\"elementor-element elementor-element-58f2024 elementor-widget elementor-widget-image\" data-id=\"58f2024\" data-element_type=\"widget\" data-widget_type=\"image.default\">\n\t\t\t\t<div class=\"elementor-widget-container\">\n\t\t\t\t\t\t\t\t\t\t\t\t<figure class=\"wp-caption\">\n\t\t\t\t\t\t\t\t\t\t\t<a href=\"http:\/\/www.metemsaglik.com\/index.php\/doz2\/\">\n\t\t\t\t\t\t\t<img loading=\"lazy\" decoding=\"async\" width=\"300\" height=\"257\" src=\"https:\/\/www.metemsaglik.com\/wp-content\/uploads\/2022\/01\/map-micro-cat-300x257.jpg\" class=\"elementor-animation-shrink attachment-medium size-medium wp-image-1746\" alt=\"\" srcset=\"https:\/\/www.metemsaglik.com\/wp-content\/uploads\/2022\/01\/map-micro-cat-300x257.jpg 300w, https:\/\/www.metemsaglik.com\/wp-content\/uploads\/2022\/01\/map-micro-cat.jpg 490w\" sizes=\"(max-width: 300px) 100vw, 300px\" \/>\t\t\t\t\t\t\t\t<\/a>\n\t\t\t\t\t\t\t\t\t\t\t<figcaption class=\"widget-image-caption wp-caption-text\">M\u0130CRO CATHETER<\/figcaption>\n\t\t\t\t\t\t\t\t\t\t<\/figure>\n\t\t\t\t\t\t\t\t\t<\/div>\n\t\t\t\t<\/div>\n\t\t\t\t\t<\/div>\n\t\t<\/div>\n\t\t\t\t<div class=\"elementor-column elementor-col-25 elementor-top-column elementor-element elementor-element-cc4bcbc\" data-id=\"cc4bcbc\" data-element_type=\"column\">\n\t\t\t<div class=\"elementor-widget-wrap elementor-element-populated\">\n\t\t\t\t\t\t<div class=\"elementor-element elementor-element-7efa8f6 elementor-widget elementor-widget-image\" data-id=\"7efa8f6\" data-element_type=\"widget\" data-widget_type=\"image.default\">\n\t\t\t\t<div class=\"elementor-widget-container\">\n\t\t\t\t\t\t\t\t\t\t\t\t<figure class=\"wp-caption\">\n\t\t\t\t\t\t\t\t\t\t\t<a href=\"http:\/\/www.metemsaglik.com\/index.php\/radial2\/\">\n\t\t\t\t\t\t\t<img loading=\"lazy\" decoding=\"async\" width=\"300\" height=\"257\" src=\"https:\/\/www.metemsaglik.com\/wp-content\/uploads\/2022\/01\/she-intro-300x257.jpg\" class=\"elementor-animation-shrink attachment-medium size-medium wp-image-1747\" alt=\"\" srcset=\"https:\/\/www.metemsaglik.com\/wp-content\/uploads\/2022\/01\/she-intro-300x257.jpg 300w, https:\/\/www.metemsaglik.com\/wp-content\/uploads\/2022\/01\/she-intro.jpg 490w\" sizes=\"(max-width: 300px) 100vw, 300px\" \/>\t\t\t\t\t\t\t\t<\/a>\n\t\t\t\t\t\t\t\t\t\t\t<figcaption class=\"widget-image-caption wp-caption-text\">SHEATH INTRODUCER<\/figcaption>\n\t\t\t\t\t\t\t\t\t\t<\/figure>\n\t\t\t\t\t\t\t\t\t<\/div>\n\t\t\t\t<\/div>\n\t\t\t\t\t<\/div>\n\t\t<\/div>\n\t\t\t\t\t<\/div>\n\t\t<\/section>\n\t\t\t\t<\/div>\n\t\t","protected":false},"excerpt":{"rendered":"","protected":false},"author":1,"featured_media":0,"parent":0,"menu_order":0,"comment_status":"closed","ping_status":"closed","template":"","meta":{"footnotes":""},"class_list":["post-1265","page","type-page","status-publish","hentry"],"_links":{"self":[{"href":"https:\/\/www.metemsaglik.com\/index.php\/wp-json\/wp\/v2\/pages\/1265","targetHints":{"allow":["GET"]}}],"collection":[{"href":"https:\/\/www.metemsaglik.com\/index.php\/wp-json\/wp\/v2\/pages"}],"about":[{"href":"https:\/\/www.metemsaglik.com\/index.php\/wp-json\/wp\/v2\/types\/page"}],"author":[{"embeddable":true,"href":"https:\/\/www.metemsaglik.com\/index.php\/wp-json\/wp\/v2\/users\/1"}],"replies":[{"embeddable":true,"href":"https:\/\/www.metemsaglik.com\/index.php\/wp-json\/wp\/v2\/comments?post=1265"}],"version-history":[{"count":60,"href":"https:\/\/www.metemsaglik.com\/index.php\/wp-json\/wp\/v2\/pages\/1265\/revisions"}],"predecessor-version":[{"id":2219,"href":"https:\/\/www.metemsaglik.com\/index.php\/wp-json\/wp\/v2\/pages\/1265\/revisions\/2219"}],"wp:attachment":[{"href":"https:\/\/www.metemsaglik.com\/index.php\/wp-json\/wp\/v2\/media?parent=1265"}],"curies":[{"name":"wp","href":"https:\/\/api.w.org\/{rel}","templated":true}]}}