{"id":1344,"date":"2020-11-12T12:40:36","date_gmt":"2020-11-12T12:40:36","guid":{"rendered":"http:\/\/www.metemsaglik.com\/?page_id=1344"},"modified":"2020-11-12T12:54:31","modified_gmt":"2020-11-12T12:54:31","slug":"guidewire2","status":"publish","type":"page","link":"https:\/\/www.metemsaglik.com\/index.php\/guidewire2\/","title":{"rendered":"GUIDEWIRE H\u0130DROF\u0130L\u0130K"},"content":{"rendered":"\n<figure class=\"wp-block-image size-large is-resized\"><img fetchpriority=\"high\" decoding=\"async\" src=\"http:\/\/www.metemsaglik.com\/wp-content\/uploads\/2020\/11\/gui.jpg\" alt=\"\" class=\"wp-image-1345\" width=\"820\" height=\"486\"\/><\/figure>\n","protected":false},"excerpt":{"rendered":"","protected":false},"author":1,"featured_media":0,"parent":0,"menu_order":0,"comment_status":"closed","ping_status":"closed","template":"","meta":{"footnotes":""},"class_list":["post-1344","page","type-page","status-publish","hentry"],"_links":{"self":[{"href":"https:\/\/www.metemsaglik.com\/index.php\/wp-json\/wp\/v2\/pages\/1344","targetHints":{"allow":["GET"]}}],"collection":[{"href":"https:\/\/www.metemsaglik.com\/index.php\/wp-json\/wp\/v2\/pages"}],"about":[{"href":"https:\/\/www.metemsaglik.com\/index.php\/wp-json\/wp\/v2\/types\/page"}],"author":[{"embeddable":true,"href":"https:\/\/www.metemsaglik.com\/index.php\/wp-json\/wp\/v2\/users\/1"}],"replies":[{"embeddable":true,"href":"https:\/\/www.metemsaglik.com\/index.php\/wp-json\/wp\/v2\/comments?post=1344"}],"version-history":[{"count":1,"href":"https:\/\/www.metemsaglik.com\/index.php\/wp-json\/wp\/v2\/pages\/1344\/revisions"}],"predecessor-version":[{"id":1346,"href":"https:\/\/www.metemsaglik.com\/index.php\/wp-json\/wp\/v2\/pages\/1344\/revisions\/1346"}],"wp:attachment":[{"href":"https:\/\/www.metemsaglik.com\/index.php\/wp-json\/wp\/v2\/media?parent=1344"}],"curies":[{"name":"wp","href":"https:\/\/api.w.org\/{rel}","templated":true}]}}