{"id":1353,"date":"2020-11-12T12:45:50","date_gmt":"2020-11-12T12:45:50","guid":{"rendered":"http:\/\/www.metemsaglik.com\/?page_id=1353"},"modified":"2022-01-13T19:58:59","modified_gmt":"2022-01-13T19:58:59","slug":"indeflator2","status":"publish","type":"page","link":"https:\/\/www.metemsaglik.com\/index.php\/indeflator2\/","title":{"rendered":"HYDROPH\u0130L\u0130C GU\u0130DEW\u0130RE"},"content":{"rendered":"\n<figure class=\"wp-block-gallery columns-2 is-cropped wp-block-gallery-1 is-layout-flex wp-block-gallery-is-layout-flex\"><ul class=\"blocks-gallery-grid\"><li class=\"blocks-gallery-item\"><figure><img fetchpriority=\"high\" decoding=\"async\" width=\"716\" height=\"1024\" src=\"https:\/\/www.metemsaglik.com\/wp-content\/uploads\/2022\/01\/map-17-716x1024.jpg\" alt=\"\" data-id=\"1765\" data-full-url=\"https:\/\/www.metemsaglik.com\/wp-content\/uploads\/2022\/01\/map-17.jpg\" data-link=\"https:\/\/www.metemsaglik.com\/index.php\/indeflator2\/map-17\/\" class=\"wp-image-1765\" srcset=\"https:\/\/www.metemsaglik.com\/wp-content\/uploads\/2022\/01\/map-17-716x1024.jpg 716w, https:\/\/www.metemsaglik.com\/wp-content\/uploads\/2022\/01\/map-17-210x300.jpg 210w, https:\/\/www.metemsaglik.com\/wp-content\/uploads\/2022\/01\/map-17-768x1099.jpg 768w, https:\/\/www.metemsaglik.com\/wp-content\/uploads\/2022\/01\/map-17.jpg 892w\" sizes=\"(max-width: 716px) 100vw, 716px\" \/><\/figure><\/li><li class=\"blocks-gallery-item\"><figure><img decoding=\"async\" width=\"716\" height=\"1024\" src=\"https:\/\/www.metemsaglik.com\/wp-content\/uploads\/2022\/01\/map-18-716x1024.jpg\" alt=\"\" data-id=\"1766\" data-full-url=\"https:\/\/www.metemsaglik.com\/wp-content\/uploads\/2022\/01\/map-18.jpg\" data-link=\"https:\/\/www.metemsaglik.com\/index.php\/indeflator2\/map-18\/\" class=\"wp-image-1766\" srcset=\"https:\/\/www.metemsaglik.com\/wp-content\/uploads\/2022\/01\/map-18-716x1024.jpg 716w, https:\/\/www.metemsaglik.com\/wp-content\/uploads\/2022\/01\/map-18-210x300.jpg 210w, https:\/\/www.metemsaglik.com\/wp-content\/uploads\/2022\/01\/map-18-768x1099.jpg 768w, https:\/\/www.metemsaglik.com\/wp-content\/uploads\/2022\/01\/map-18.jpg 892w\" sizes=\"(max-width: 716px) 100vw, 716px\" \/><\/figure><\/li><li class=\"blocks-gallery-item\"><figure><img decoding=\"async\" width=\"716\" height=\"1024\" src=\"https:\/\/www.metemsaglik.com\/wp-content\/uploads\/2022\/01\/map-19-716x1024.jpg\" alt=\"\" data-id=\"1767\" data-full-url=\"https:\/\/www.metemsaglik.com\/wp-content\/uploads\/2022\/01\/map-19.jpg\" data-link=\"https:\/\/www.metemsaglik.com\/index.php\/indeflator2\/map-19\/\" class=\"wp-image-1767\" srcset=\"https:\/\/www.metemsaglik.com\/wp-content\/uploads\/2022\/01\/map-19-716x1024.jpg 716w, https:\/\/www.metemsaglik.com\/wp-content\/uploads\/2022\/01\/map-19-210x300.jpg 210w, https:\/\/www.metemsaglik.com\/wp-content\/uploads\/2022\/01\/map-19-768x1099.jpg 768w, https:\/\/www.metemsaglik.com\/wp-content\/uploads\/2022\/01\/map-19.jpg 892w\" sizes=\"(max-width: 716px) 100vw, 716px\" \/><\/figure><\/li><li class=\"blocks-gallery-item\"><figure><img loading=\"lazy\" decoding=\"async\" width=\"716\" height=\"1024\" src=\"https:\/\/www.metemsaglik.com\/wp-content\/uploads\/2022\/01\/map-20-716x1024.jpg\" alt=\"\" data-id=\"1768\" data-full-url=\"https:\/\/www.metemsaglik.com\/wp-content\/uploads\/2022\/01\/map-20.jpg\" data-link=\"https:\/\/www.metemsaglik.com\/index.php\/indeflator2\/map-20\/\" class=\"wp-image-1768\" srcset=\"https:\/\/www.metemsaglik.com\/wp-content\/uploads\/2022\/01\/map-20-716x1024.jpg 716w, https:\/\/www.metemsaglik.com\/wp-content\/uploads\/2022\/01\/map-20-210x300.jpg 210w, https:\/\/www.metemsaglik.com\/wp-content\/uploads\/2022\/01\/map-20-768x1099.jpg 768w, https:\/\/www.metemsaglik.com\/wp-content\/uploads\/2022\/01\/map-20.jpg 892w\" sizes=\"(max-width: 716px) 100vw, 716px\" \/><\/figure><\/li><\/ul><\/figure>\n","protected":false},"excerpt":{"rendered":"","protected":false},"author":1,"featured_media":0,"parent":0,"menu_order":0,"comment_status":"closed","ping_status":"closed","template":"","meta":{"footnotes":""},"class_list":["post-1353","page","type-page","status-publish","hentry"],"_links":{"self":[{"href":"https:\/\/www.metemsaglik.com\/index.php\/wp-json\/wp\/v2\/pages\/1353","targetHints":{"allow":["GET"]}}],"collection":[{"href":"https:\/\/www.metemsaglik.com\/index.php\/wp-json\/wp\/v2\/pages"}],"about":[{"href":"https:\/\/www.metemsaglik.com\/index.php\/wp-json\/wp\/v2\/types\/page"}],"author":[{"embeddable":true,"href":"https:\/\/www.metemsaglik.com\/index.php\/wp-json\/wp\/v2\/users\/1"}],"replies":[{"embeddable":true,"href":"https:\/\/www.metemsaglik.com\/index.php\/wp-json\/wp\/v2\/comments?post=1353"}],"version-history":[{"count":2,"href":"https:\/\/www.metemsaglik.com\/index.php\/wp-json\/wp\/v2\/pages\/1353\/revisions"}],"predecessor-version":[{"id":1769,"href":"https:\/\/www.metemsaglik.com\/index.php\/wp-json\/wp\/v2\/pages\/1353\/revisions\/1769"}],"wp:attachment":[{"href":"https:\/\/www.metemsaglik.com\/index.php\/wp-json\/wp\/v2\/media?parent=1353"}],"curies":[{"name":"wp","href":"https:\/\/api.w.org\/{rel}","templated":true}]}}