{"id":2044,"date":"2024-12-27T13:22:40","date_gmt":"2024-12-27T13:22:40","guid":{"rendered":"https:\/\/www.metemsaglik.com\/?page_id=2044"},"modified":"2024-12-30T17:13:32","modified_gmt":"2024-12-30T17:13:32","slug":"kataloglarimiz","status":"publish","type":"page","link":"https:\/\/www.metemsaglik.com\/index.php\/kataloglarimiz\/","title":{"rendered":"KATALOGLARIMIZ"},"content":{"rendered":"\n<p><strong>POLLUX ASP\u0130RASYON KATETER\u0130<\/strong><\/p>\n\n\n\n<p><\/p>\n\n\n\n<div data-wp-interactive=\"core\/file\" class=\"wp-block-file\"><object data-wp-bind--hidden=\"!state.hasPdfPreview\" hidden class=\"wp-block-file__embed\" data=\"https:\/\/www.metemsaglik.com\/wp-content\/uploads\/2024\/12\/IK-POLLUX-ASPIRASYON-KATETERI-1.pdf\" type=\"application\/pdf\" style=\"width:100%;height:600px\" aria-label=\"IK POLLUX ASP\u0130RASYON KATETER\u0130 g\u00f6m\u00fcs\u00fc.\"><\/object><a id=\"wp-block-file--media-055b1f72-a9c0-4e40-84ad-c9f2e3755eab\" href=\"https:\/\/www.metemsaglik.com\/wp-content\/uploads\/2024\/12\/IK-POLLUX-ASPIRASYON-KATETERI-1.pdf\">IK POLLUX ASP\u0130RASYON KATETER\u0130<\/a><a href=\"https:\/\/www.metemsaglik.com\/wp-content\/uploads\/2024\/12\/IK-POLLUX-ASPIRASYON-KATETERI-1.pdf\" class=\"wp-block-file__button wp-element-button\" download aria-describedby=\"wp-block-file--media-055b1f72-a9c0-4e40-84ad-c9f2e3755eab\">\u0130ndir<\/a><\/div>\n\n\n\n<div data-wp-interactive=\"core\/file\" class=\"wp-block-file\"><object data-wp-bind--hidden=\"!state.hasPdfPreview\" hidden class=\"wp-block-file__embed\" data=\"https:\/\/www.metemsaglik.com\/wp-content\/uploads\/2024\/12\/BIOTEQ-DRENAJBILIER-DRENAJ-KATETERI-1.pdf\" type=\"application\/pdf\" style=\"width:100%;height:600px\" aria-label=\"BIOTEQ DRENAJ&amp;B\u0130L\u0130ER DRENAJ KATETER\u0130 g\u00f6m\u00fcs\u00fc.\"><\/object><a id=\"wp-block-file--media-71eb2391-0e79-4719-b3b3-ce83eaa61f37\" href=\"https:\/\/www.metemsaglik.com\/wp-content\/uploads\/2024\/12\/BIOTEQ-DRENAJBILIER-DRENAJ-KATETERI-1.pdf\">BIOTEQ DRENAJ&amp;B\u0130L\u0130ER DRENAJ KATETER\u0130<\/a><a href=\"https:\/\/www.metemsaglik.com\/wp-content\/uploads\/2024\/12\/BIOTEQ-DRENAJBILIER-DRENAJ-KATETERI-1.pdf\" class=\"wp-block-file__button wp-element-button\" download aria-describedby=\"wp-block-file--media-71eb2391-0e79-4719-b3b3-ce83eaa61f37\">\u0130ndir<\/a><\/div>\n\n\n\n<div data-wp-interactive=\"core\/file\" class=\"wp-block-file\"><object data-wp-bind--hidden=\"!state.hasPdfPreview\" hidden class=\"wp-block-file__embed\" data=\"https:\/\/www.metemsaglik.com\/wp-content\/uploads\/2024\/12\/PLUTUS-DESTEK-KATETERI.pdf\" type=\"application\/pdf\" style=\"width:100%;height:600px\" aria-label=\"PLUTUS DESTEK KATETER\u0130 g\u00f6m\u00fcs\u00fc.\"><\/object><a id=\"wp-block-file--media-d26d73d5-5fda-4bef-bb83-2a7de71dd7d7\" href=\"https:\/\/www.metemsaglik.com\/wp-content\/uploads\/2024\/12\/PLUTUS-DESTEK-KATETERI.pdf\">PLUTUS DESTEK KATETER\u0130<\/a><a href=\"https:\/\/www.metemsaglik.com\/wp-content\/uploads\/2024\/12\/PLUTUS-DESTEK-KATETERI.pdf\" class=\"wp-block-file__button wp-element-button\" download aria-describedby=\"wp-block-file--media-d26d73d5-5fda-4bef-bb83-2a7de71dd7d7\">\u0130ndir<\/a><\/div>\n\n\n\n<div data-wp-interactive=\"core\/file\" class=\"wp-block-file\"><object data-wp-bind--hidden=\"!state.hasPdfPreview\" hidden class=\"wp-block-file__embed\" data=\"https:\/\/www.metemsaglik.com\/wp-content\/uploads\/2024\/12\/PRINCIPAL-PTA-BALON-KATETER.pdf\" type=\"application\/pdf\" style=\"width:100%;height:600px\" aria-label=\"PR\u0130NC\u0130PAL PTA BALON KATETER g\u00f6m\u00fcs\u00fc.\"><\/object><a id=\"wp-block-file--media-5a568d6b-06f4-4ed5-a637-6363ae26b14b\" href=\"https:\/\/www.metemsaglik.com\/wp-content\/uploads\/2024\/12\/PRINCIPAL-PTA-BALON-KATETER.pdf\">PR\u0130NC\u0130PAL PTA BALON KATETER<\/a><a href=\"https:\/\/www.metemsaglik.com\/wp-content\/uploads\/2024\/12\/PRINCIPAL-PTA-BALON-KATETER.pdf\" class=\"wp-block-file__button wp-element-button\" download aria-describedby=\"wp-block-file--media-5a568d6b-06f4-4ed5-a637-6363ae26b14b\">\u0130ndir<\/a><\/div>\n\n\n\n<div data-wp-interactive=\"core\/file\" class=\"wp-block-file\"><object data-wp-bind--hidden=\"!state.hasPdfPreview\" hidden class=\"wp-block-file__embed\" data=\"https:\/\/www.metemsaglik.com\/wp-content\/uploads\/2024\/12\/MAP-ANJIOGRAFIK-KATETER.pdf\" type=\"application\/pdf\" style=\"width:100%;height:600px\" aria-label=\"MAP ANJIOGRAF\u0130K KATETER g\u00f6m\u00fcs\u00fc.\"><\/object><a id=\"wp-block-file--media-8787c76c-729f-4035-ab93-cce9c834013a\" href=\"https:\/\/www.metemsaglik.com\/wp-content\/uploads\/2024\/12\/MAP-ANJIOGRAFIK-KATETER.pdf\">MAP ANJIOGRAF\u0130K KATETER<\/a><a href=\"https:\/\/www.metemsaglik.com\/wp-content\/uploads\/2024\/12\/MAP-ANJIOGRAFIK-KATETER.pdf\" class=\"wp-block-file__button wp-element-button\" download aria-describedby=\"wp-block-file--media-8787c76c-729f-4035-ab93-cce9c834013a\">\u0130ndir<\/a><\/div>\n\n\n\n<div data-wp-interactive=\"core\/file\" class=\"wp-block-file\"><object data-wp-bind--hidden=\"!state.hasPdfPreview\" hidden class=\"wp-block-file__embed\" data=\"https:\/\/www.metemsaglik.com\/wp-content\/uploads\/2024\/12\/MAP-HIDROFILIK-KLAVUZ-TEL.pdf\" type=\"application\/pdf\" style=\"width:100%;height:600px\" aria-label=\"MAP H\u0130DROF\u0130L\u0130K KLAVUZ TEL g\u00f6m\u00fcs\u00fc.\"><\/object><a id=\"wp-block-file--media-8243b031-f558-40fc-9418-5f851bb78e06\" href=\"https:\/\/www.metemsaglik.com\/wp-content\/uploads\/2024\/12\/MAP-HIDROFILIK-KLAVUZ-TEL.pdf\">MAP H\u0130DROF\u0130L\u0130K KLAVUZ TEL<\/a><a href=\"https:\/\/www.metemsaglik.com\/wp-content\/uploads\/2024\/12\/MAP-HIDROFILIK-KLAVUZ-TEL.pdf\" class=\"wp-block-file__button wp-element-button\" download aria-describedby=\"wp-block-file--media-8243b031-f558-40fc-9418-5f851bb78e06\">\u0130ndir<\/a><\/div>\n","protected":false},"excerpt":{"rendered":"<p>POLLUX ASP\u0130RASYON KATETER\u0130<\/p>\n","protected":false},"author":1,"featured_media":0,"parent":0,"menu_order":0,"comment_status":"closed","ping_status":"closed","template":"","meta":{"footnotes":""},"class_list":["post-2044","page","type-page","status-publish","hentry"],"_links":{"self":[{"href":"https:\/\/www.metemsaglik.com\/index.php\/wp-json\/wp\/v2\/pages\/2044","targetHints":{"allow":["GET"]}}],"collection":[{"href":"https:\/\/www.metemsaglik.com\/index.php\/wp-json\/wp\/v2\/pages"}],"about":[{"href":"https:\/\/www.metemsaglik.com\/index.php\/wp-json\/wp\/v2\/types\/page"}],"author":[{"embeddable":true,"href":"https:\/\/www.metemsaglik.com\/index.php\/wp-json\/wp\/v2\/users\/1"}],"replies":[{"embeddable":true,"href":"https:\/\/www.metemsaglik.com\/index.php\/wp-json\/wp\/v2\/comments?post=2044"}],"version-history":[{"count":3,"href":"https:\/\/www.metemsaglik.com\/index.php\/wp-json\/wp\/v2\/pages\/2044\/revisions"}],"predecessor-version":[{"id":2057,"href":"https:\/\/www.metemsaglik.com\/index.php\/wp-json\/wp\/v2\/pages\/2044\/revisions\/2057"}],"wp:attachment":[{"href":"https:\/\/www.metemsaglik.com\/index.php\/wp-json\/wp\/v2\/media?parent=2044"}],"curies":[{"name":"wp","href":"https:\/\/api.w.org\/{rel}","templated":true}]}}